{"id":328,"date":"2021-05-08T10:58:23","date_gmt":"2021-05-08T10:58:23","guid":{"rendered":"http:\/\/elanjoy.net\/?page_id=328"},"modified":"2025-10-23T20:11:20","modified_gmt":"2025-10-23T20:11:20","slug":"about","status":"publish","type":"page","link":"https:\/\/elanjoy.net\/?page_id=328","title":{"rendered":"QUIENES SOMOS"},"content":{"rendered":"\t\t<div data-elementor-type=\"wp-page\" data-elementor-id=\"328\" class=\"elementor elementor-328\" data-elementor-settings=\"[]\">\n\t\t\t\t\t\t\t<div class=\"elementor-section-wrap\">\n\t\t\t\t\t\t\t<section class=\"elementor-section elementor-top-section elementor-element elementor-element-ab4d83f elementor-section-boxed elementor-section-height-default elementor-section-height-default\" data-id=\"ab4d83f\" data-element_type=\"section\" data-settings=\"{&quot;background_background&quot;:&quot;classic&quot;}\">\n\t\t\t\t\t\t<div class=\"elementor-container elementor-column-gap-no\">\n\t\t\t\t\t<div class=\"elementor-column elementor-col-100 elementor-top-column elementor-element elementor-element-44f5a6b\" data-id=\"44f5a6b\" data-element_type=\"column\">\n\t\t\t<div class=\"elementor-widget-wrap elementor-element-populated\">\n\t\t\t\t\t\t\t\t<div class=\"elementor-element elementor-element-f239323 elementor-widget elementor-widget-heading\" data-id=\"f239323\" data-element_type=\"widget\" data-widget_type=\"heading.default\">\n\t\t\t\t<div class=\"elementor-widget-container\">\n\t\t\t<style>\/*! elementor - v3.5.5 - 03-02-2022 *\/\n.elementor-heading-title{padding:0;margin:0;line-height:1}.elementor-widget-heading .elementor-heading-title[class*=elementor-size-]>a{color:inherit;font-size:inherit;line-height:inherit}.elementor-widget-heading .elementor-heading-title.elementor-size-small{font-size:15px}.elementor-widget-heading .elementor-heading-title.elementor-size-medium{font-size:19px}.elementor-widget-heading .elementor-heading-title.elementor-size-large{font-size:29px}.elementor-widget-heading .elementor-heading-title.elementor-size-xl{font-size:39px}.elementor-widget-heading .elementor-heading-title.elementor-size-xxl{font-size:59px}<\/style><h1 class=\"elementor-heading-title elementor-size-default\">QUIENES SOMOS<\/h1>\t\t<\/div>\n\t\t\t\t<\/div>\n\t\t\t\t<div class=\"elementor-element elementor-element-f10d708 elementor-widget-divider--view-line elementor-widget elementor-widget-divider\" data-id=\"f10d708\" data-element_type=\"widget\" data-widget_type=\"divider.default\">\n\t\t\t\t<div class=\"elementor-widget-container\">\n\t\t\t<style>\/*! elementor - v3.5.5 - 03-02-2022 *\/\n.elementor-widget-divider{--divider-border-style:none;--divider-border-width:1px;--divider-color:#2c2c2c;--divider-icon-size:20px;--divider-element-spacing:10px;--divider-pattern-height:24px;--divider-pattern-size:20px;--divider-pattern-url:none;--divider-pattern-repeat:repeat-x}.elementor-widget-divider .elementor-divider{display:-webkit-box;display:-ms-flexbox;display:flex}.elementor-widget-divider .elementor-divider__text{font-size:15px;line-height:1;max-width:95%}.elementor-widget-divider .elementor-divider__element{margin:0 var(--divider-element-spacing);-ms-flex-negative:0;flex-shrink:0}.elementor-widget-divider .elementor-icon{font-size:var(--divider-icon-size)}.elementor-widget-divider .elementor-divider-separator{display:-webkit-box;display:-ms-flexbox;display:flex;margin:0;direction:ltr}.elementor-widget-divider--view-line_icon .elementor-divider-separator,.elementor-widget-divider--view-line_text .elementor-divider-separator{-webkit-box-align:center;-ms-flex-align:center;align-items:center}.elementor-widget-divider--view-line_icon .elementor-divider-separator:after,.elementor-widget-divider--view-line_icon .elementor-divider-separator:before,.elementor-widget-divider--view-line_text .elementor-divider-separator:after,.elementor-widget-divider--view-line_text .elementor-divider-separator:before{display:block;content:\"\";border-bottom:0;-webkit-box-flex:1;-ms-flex-positive:1;flex-grow:1;border-top:var(--divider-border-width) var(--divider-border-style) var(--divider-color)}.elementor-widget-divider--element-align-left .elementor-divider .elementor-divider-separator>.elementor-divider__svg:first-of-type{-webkit-box-flex:0;-ms-flex-positive:0;flex-grow:0;-ms-flex-negative:100;flex-shrink:100}.elementor-widget-divider--element-align-left .elementor-divider-separator:before{content:none}.elementor-widget-divider--element-align-left .elementor-divider__element{margin-left:0}.elementor-widget-divider--element-align-right .elementor-divider .elementor-divider-separator>.elementor-divider__svg:last-of-type{-webkit-box-flex:0;-ms-flex-positive:0;flex-grow:0;-ms-flex-negative:100;flex-shrink:100}.elementor-widget-divider--element-align-right .elementor-divider-separator:after{content:none}.elementor-widget-divider--element-align-right .elementor-divider__element{margin-right:0}.elementor-widget-divider:not(.elementor-widget-divider--view-line_text):not(.elementor-widget-divider--view-line_icon) .elementor-divider-separator{border-top:var(--divider-border-width) var(--divider-border-style) var(--divider-color)}.elementor-widget-divider--separator-type-pattern{--divider-border-style:none}.elementor-widget-divider--separator-type-pattern.elementor-widget-divider--view-line .elementor-divider-separator,.elementor-widget-divider--separator-type-pattern:not(.elementor-widget-divider--view-line) .elementor-divider-separator:after,.elementor-widget-divider--separator-type-pattern:not(.elementor-widget-divider--view-line) .elementor-divider-separator:before,.elementor-widget-divider--separator-type-pattern:not([class*=elementor-widget-divider--view]) .elementor-divider-separator{width:100%;min-height:var(--divider-pattern-height);-webkit-mask-size:var(--divider-pattern-size) 100%;mask-size:var(--divider-pattern-size) 100%;-webkit-mask-repeat:var(--divider-pattern-repeat);mask-repeat:var(--divider-pattern-repeat);background-color:var(--divider-color);-webkit-mask-image:var(--divider-pattern-url);mask-image:var(--divider-pattern-url)}.elementor-widget-divider--no-spacing{--divider-pattern-size:auto}.elementor-widget-divider--bg-round{--divider-pattern-repeat:round}.rtl .elementor-widget-divider .elementor-divider__text{direction:rtl}<\/style>\t\t<div class=\"elementor-divider\">\n\t\t\t<span class=\"elementor-divider-separator\">\n\t\t\t\t\t\t<\/span>\n\t\t<\/div>\n\t\t\t\t<\/div>\n\t\t\t\t<\/div>\n\t\t\t\t\t<\/div>\n\t\t<\/div>\n\t\t\t\t\t\t\t<\/div>\n\t\t<\/section>\n\t\t\t\t<section class=\"elementor-section elementor-top-section elementor-element elementor-element-26f8a64 elementor-section-boxed elementor-section-height-default elementor-section-height-default\" data-id=\"26f8a64\" data-element_type=\"section\" data-settings=\"{&quot;background_background&quot;:&quot;classic&quot;}\">\n\t\t\t\t\t\t<div class=\"elementor-container elementor-column-gap-no\">\n\t\t\t\t\t<div class=\"elementor-column elementor-col-100 elementor-top-column elementor-element elementor-element-eccf764\" data-id=\"eccf764\" data-element_type=\"column\">\n\t\t\t<div class=\"elementor-widget-wrap elementor-element-populated\">\n\t\t\t\t\t\t\t\t<div class=\"elementor-element elementor-element-3d3b363 elementor-widget__width-initial elementor-widget-mobile__width-inherit elementor-widget elementor-widget-heading\" data-id=\"3d3b363\" data-element_type=\"widget\" data-widget_type=\"heading.default\">\n\t\t\t\t<div class=\"elementor-widget-container\">\n\t\t\t<h4 class=\"elementor-heading-title elementor-size-default\"><p>ELANJOY TECHNOLOGY &amp; <span style=\"color: #ff0000;\">CONSTRUCCIONES<\/span><\/p><\/h4>\t\t<\/div>\n\t\t\t\t<\/div>\n\t\t\t\t<div class=\"elementor-element elementor-element-377519a elementor-widget__width-initial elementor-widget-mobile__width-inherit elementor-widget elementor-widget-text-editor\" data-id=\"377519a\" data-element_type=\"widget\" data-widget_type=\"text-editor.default\">\n\t\t\t\t<div class=\"elementor-widget-container\">\n\t\t\t<style>\/*! elementor - v3.5.5 - 03-02-2022 *\/\n.elementor-widget-text-editor.elementor-drop-cap-view-stacked .elementor-drop-cap{background-color:#818a91;color:#fff}.elementor-widget-text-editor.elementor-drop-cap-view-framed .elementor-drop-cap{color:#818a91;border:3px solid;background-color:transparent}.elementor-widget-text-editor:not(.elementor-drop-cap-view-default) .elementor-drop-cap{margin-top:8px}.elementor-widget-text-editor:not(.elementor-drop-cap-view-default) .elementor-drop-cap-letter{width:1em;height:1em}.elementor-widget-text-editor .elementor-drop-cap{float:left;text-align:center;line-height:1;font-size:50px}.elementor-widget-text-editor .elementor-drop-cap-letter{display:inline-block}<\/style>\t\t\t\t<p style=\"text-align: justify;\"><span dir=\"auto\" style=\"vertical-align: inherit;\"><span dir=\"auto\" style=\"vertical-align: inherit;\"><span dir=\"auto\" style=\"vertical-align: inherit;\"><span dir=\"auto\" style=\"vertical-align: inherit;\">ELANJOY TECHNOLOGY &amp; <\/span><\/span><\/span><\/span><span style=\"color: #ff0000;\"><span dir=\"auto\" style=\"vertical-align: inherit;\"><span dir=\"auto\" style=\"vertical-align: inherit;\"><span dir=\"auto\" style=\"vertical-align: inherit;\"><span dir=\"auto\" style=\"vertical-align: inherit;\">CONSTRUCCIONES<\/span><\/span><\/span><\/span><\/span><span dir=\"auto\" style=\"vertical-align: inherit;\"><span dir=\"auto\" style=\"vertical-align: inherit;\"><span dir=\"auto\" style=\"vertical-align: inherit;\"><span dir=\"auto\" style=\"vertical-align: inherit;\"> Somos una empresa con experiencia notable en el \u00e1mbito tecnol\u00f3gico de la construcci\u00f3n y desarrollos de sistemas en el \u00e1rea de transporte y telecomunicaciones.<\/span><\/span><\/span><\/span><\/p><p style=\"text-align: justify;\"><strong><span dir=\"auto\" style=\"vertical-align: inherit;\"><span dir=\"auto\" style=\"vertical-align: inherit;\"><span dir=\"auto\" style=\"vertical-align: inherit;\"><span dir=\"auto\" style=\"vertical-align: inherit;\">Misi\u00f3n:<\/span><\/span><\/span><\/span><\/strong><span dir=\"auto\" style=\"vertical-align: inherit;\"><span dir=\"auto\" style=\"vertical-align: inherit;\"><span dir=\"auto\" style=\"vertical-align: inherit;\"><span dir=\"auto\" style=\"vertical-align: inherit;\"> \u00a0Cumplir con las expectativas del cliente actuando con profesionalismo, contamos con un equipo de colaboradores capacitados y con una ardua experiencia que nos permitir\u00e1 contribuir a la sociedad con las nuevas innovaciones del mercado.<\/span><\/span><\/span><\/span><\/p><p style=\"text-align: justify;\"><strong><span dir=\"auto\" style=\"vertical-align: inherit;\"><span dir=\"auto\" style=\"vertical-align: inherit;\"><span dir=\"auto\" style=\"vertical-align: inherit;\"><span dir=\"auto\" style=\"vertical-align: inherit;\">Visi\u00f3n:<\/span><\/span><\/span><\/span><\/strong><span dir=\"auto\" style=\"vertical-align: inherit;\"><span dir=\"auto\" style=\"vertical-align: inherit;\"><span dir=\"auto\" style=\"vertical-align: inherit;\"><span dir=\"auto\" style=\"vertical-align: inherit;\"> \u00a0Ser una de las primeras opciones a tomar en cuentas a nivel profesional en el mercado, colaborar con el desarrollo innovador a nivel interior y exterior del pa\u00eds hasta llegar a Am\u00e9rica latina y el Caribe.<\/span><\/span><\/span><\/span><\/p><p style=\"text-align: justify;\"><span dir=\"auto\" style=\"vertical-align: inherit;\"><span dir=\"auto\" style=\"vertical-align: inherit;\"><span dir=\"auto\" style=\"vertical-align: inherit;\"><span dir=\"auto\" style=\"vertical-align: inherit;\">Nuestros Equipos con m\u00e1s de 10 a\u00f1os de experiencia han ocupado importantes puestos a nivel de supervisi\u00f3n, coordinaciones en mega obras nacionales e internacionales como: Metro de Santo Domingo, Telef\u00e9rico de Santo Domingo, Metro de Panam\u00e1 y Aerov\u00eda-Telef\u00e9rico Ecuador.<\/span><\/span><\/span><\/span><\/p><div class=\"container preview-highlighter aos-init aos-animate p-m-b-highlight-visible\" data-aos=\"fade-up\"><div class=\"row\"><div class=\"col-xs-12\"><div class=\"responsive-handler fr-view breakable \"><strong>Nuestro Presidente<\/strong>\u00a0y fundador,\u00a0<strong>Joel Hern\u00e1ndez Lugo<\/strong>\u00a0es un profesional din\u00e1mico y multifac\u00e9tico con una s\u00f3lida trayectoria en el sector de las telecomunicaciones, la docencia t\u00e9cnica y la gesti\u00f3n de mantenimiento industrial, forjada a trav\u00e9s de su experiencia en proyectos de infraestructura y sistemas de telecomunicaciones cr\u00edtica en Latinoam\u00e9rica.<br id=\"isPasted\" \/>Nacido en Santo Domingo Norte, Rep\u00fablica Dominicana, de padres dominicanos, Joel forj\u00f3 una base t\u00e9cnica en la educaci\u00f3n profesional enfocada en Ingenier\u00eda Computacional. Sus inicios profesionales se desarrollaron en el \u00e1mbito educativo, donde ejerci\u00f3 como docente en un instituto de formaci\u00f3n acad\u00e9mica, impartiendo conocimientos esenciales en \u00e1reas de Contabilidad Computarizada e Inform\u00e1tica.<br \/>A partir de 2013, su carrera dio un giro hacia el sector de la infraestructura y el transporte, ingresando al campo de las telecomunicaciones aplicadas a sistemas de transporte ferroviario. Durante m\u00e1s de una d\u00e9cada (2013-2024), se desempe\u00f1\u00f3 exitosamente como instalador y supervisor de sistemas de telecomunicaciones complejos, adquiriendo una profunda experiencia en la implementaci\u00f3n y mantenimiento operativo de estas infraestructuras vitales. Desde 2024, ha orientado su experiencia hacia roles m\u00e1s administrativos y de gesti\u00f3n dentro del mismo sector.<br \/>Su compromiso con la excelencia y el liderazgo continuo se refleja en su constante capacitaci\u00f3n en el \u00e1rea de Gerencia de Mantenimiento Industrial y Mando Medio, buscando optimizar la eficiencia y operatividad de los sistemas bajo su responsabilidad.<br \/>Experiencia Destacada en Proyectos de Transporte Masivo:<br \/>Joel Hern\u00e1ndez Lugo ha sido un actor clave en la puesta en marcha, operaci\u00f3n y mantenimiento de importantes sistemas de transporte p\u00fablico masivo en la regi\u00f3n, demostrando su capacidad de adaptaci\u00f3n a infraestructuras cr\u00edticas internacionales:<br id=\"isPasted\" \/><ul><li>Metro de Santo Domingo (Rep\u00fablica Dominicana): Participaci\u00f3n activa desde 2013 hasta 2017.<\/li><li>Telef\u00e9rico de Santo Domingo (Rep\u00fablica Dominicana): Contribuci\u00f3n significativa durante el a\u00f1o 2018.<\/li><li>Metro de Panam\u00e1 (Panam\u00e1): Participaci\u00f3n en proyectos clave entre finales de 2018 y mediados de 2019.<\/li><li>Aerov\u00eda de Guayaquil (Ecuador): Desde mediados de 2019 hasta la actualidad, forma parte del Consorcio Aerosuspendido Guayaquil (Poma-Sofratesa) en representaci\u00f3n de Sofratesa. Se desempe\u00f1a como Coordinador de Mantenimiento \u00a0de los Sistemas de Conexos y Auxiliares e Infraestructua, un rol crucial para asegurar la disponibilidad, fiabilidad y seguridad del sistema de transporte a\u00e9reo.<\/li><\/ul>Faceta Empresarial<br \/>Complementando su carrera corporativa, Joel es un emprendedor con visi\u00f3n de futuro. Es due\u00f1o, Presidente y Gerente General de ELANJOY TECHNOLOGY, una constructora con sede en la Rep\u00fablica Dominicana. Adem\u00e1s, ha extendido su visi\u00f3n empresarial a con en sede Ecuador, donde funge como Socio de ELANJOY TECHNOLOGY , consolidando su liderazgo y capacidad de gesti\u00f3n tanto en el \u00e1mbito t\u00e9cnico-operacional como en el desarrollo de negocios.<br \/>Joel Hern\u00e1ndez Lugo combina una s\u00f3lida base t\u00e9cnica, una d\u00e9cada de experiencia pr\u00e1ctica en telecomunicaciones de transporte y un liderazgo comprobado en la gesti\u00f3n de mantenimiento y el \u00e1mbito empresarial.<\/div><\/div><\/div><\/div><div class=\"previewManageButton right-side-btns\"><div>\u00a0<\/div><\/div>\t\t\t\t\t\t<\/div>\n\t\t\t\t<\/div>\n\t\t\t\t\t<\/div>\n\t\t<\/div>\n\t\t\t\t\t\t\t<\/div>\n\t\t<\/section>\n\t\t\t\t\t\t<\/div>\n\t\t\t\t\t<\/div>\n\t\t","protected":false},"excerpt":{"rendered":"<p>QUIENES SOMOS ELANJOY TECHNOLOGY &amp; CONSTRUCCIONES ELANJOY TECHNOLOGY &amp; CONSTRUCCIONES Somos una empresa con experiencia notable en el \u00e1mbito tecnol\u00f3gico de la construcci\u00f3n y desarrollos de sistemas en el \u00e1rea de transporte y telecomunicaciones. Misi\u00f3n: \u00a0Cumplir con las expectativas del cliente actuando con profesionalismo, contamos con un equipo de colaboradores capacitados y con una ardua &hellip;<\/p>\n<p class=\"read-more\"> <a class=\"\" href=\"https:\/\/elanjoy.net\/?page_id=328\"> <span class=\"screen-reader-text\">QUIENES SOMOS<\/span> Read More &raquo;<\/a><\/p>\n","protected":false},"author":1,"featured_media":0,"parent":0,"menu_order":0,"comment_status":"closed","ping_status":"closed","template":"","meta":{"om_disable_all_campaigns":false,"_monsterinsights_skip_tracking":false,"_monsterinsights_sitenote_active":false,"_monsterinsights_sitenote_note":"","_monsterinsights_sitenote_category":0,"site-sidebar-layout":"no-sidebar","site-content-layout":"page-builder","ast-main-header-display":"","ast-hfb-above-header-display":"","ast-hfb-below-header-display":"","ast-hfb-mobile-header-display":"","site-post-title":"disabled","ast-breadcrumbs-content":"disabled","ast-featured-img":"disabled","footer-sml-layout":"","theme-transparent-header-meta":"enabled","adv-header-id-meta":"","stick-header-meta":"","header-above-stick-meta":"","header-main-stick-meta":"","header-below-stick-meta":"","footnotes":""},"class_list":["post-328","page","type-page","status-publish","hentry"],"_links":{"self":[{"href":"https:\/\/elanjoy.net\/index.php?rest_route=\/wp\/v2\/pages\/328","targetHints":{"allow":["GET"]}}],"collection":[{"href":"https:\/\/elanjoy.net\/index.php?rest_route=\/wp\/v2\/pages"}],"about":[{"href":"https:\/\/elanjoy.net\/index.php?rest_route=\/wp\/v2\/types\/page"}],"author":[{"embeddable":true,"href":"https:\/\/elanjoy.net\/index.php?rest_route=\/wp\/v2\/users\/1"}],"replies":[{"embeddable":true,"href":"https:\/\/elanjoy.net\/index.php?rest_route=%2Fwp%2Fv2%2Fcomments&post=328"}],"version-history":[{"count":13,"href":"https:\/\/elanjoy.net\/index.php?rest_route=\/wp\/v2\/pages\/328\/revisions"}],"predecessor-version":[{"id":1223,"href":"https:\/\/elanjoy.net\/index.php?rest_route=\/wp\/v2\/pages\/328\/revisions\/1223"}],"wp:attachment":[{"href":"https:\/\/elanjoy.net\/index.php?rest_route=%2Fwp%2Fv2%2Fmedia&parent=328"}],"curies":[{"name":"wp","href":"https:\/\/api.w.org\/{rel}","templated":true}]}}